{"id":2,"date":"2016-05-10T03:48:21","date_gmt":"2016-05-10T03:48:21","guid":{"rendered":"http:\/\/gp5.com.br\/?page_id=2"},"modified":"2025-11-18T12:33:09","modified_gmt":"2025-11-18T12:33:09","slug":"sample-page","status":"publish","type":"page","link":"https:\/\/gp5.com.br\/","title":{"rendered":"Bem vindo"},"content":{"rendered":"\n<div class=\"wp-block-cover aligncenter\"><img loading=\"lazy\" decoding=\"async\" width=\"300\" height=\"225\" class=\"wp-block-cover__image-background wp-image-29\" alt=\"\" src=\"http:\/\/gp5.com.br\/wp-content\/uploads\/2022\/03\/escritorio-300x225.jpg\" data-object-fit=\"cover\" srcset=\"https:\/\/gp5.com.br\/wp-content\/uploads\/2022\/03\/escritorio-300x225.jpg 300w, https:\/\/gp5.com.br\/wp-content\/uploads\/2022\/03\/escritorio.jpg 594w\" sizes=\"auto, (max-width: 300px) 100vw, 300px\" \/><span aria-hidden=\"true\" class=\"wp-block-cover__background has-background-dim\"><\/span><div class=\"wp-block-cover__inner-container is-layout-flow wp-block-cover-is-layout-flow\">\n<p class=\"has-text-align-center has-text-color has-link-color has-large-font-size wp-elements-ed2e5ec281e5906afe57086db9d28d43\" style=\"color:#ffff00\"><strong>A melhor solu\u00e7\u00e3o para o seu neg\u00f3cio<\/strong><\/p>\n<\/div><\/div>\n\n\n\n<p class=\"has-text-align-center\"><strong><em>Solu\u00e7\u00f5es simplificadas e \u00e1geis, auxiliando voc\u00ea no caminho da efici\u00eancia.<\/em><\/strong><\/p>\n\n\n\n<h2 class=\"wp-block-heading has-text-align-center has-text-color has-background has-large-font-size\" style=\"border-style:none;border-width:0px;border-radius:0px;color:#ffff00;background-color:#0a5337\"><strong><em>O mundo da tecnologia a seu servi\u00e7o<\/em><\/strong><\/h2>\n\n\n\n<figure class=\"wp-block-image size-full\"><img loading=\"lazy\" decoding=\"async\" width=\"940\" height=\"788\" src=\"http:\/\/gp5.com.br\/wp-content\/uploads\/mapa-gp5-quadrado.gif\" alt=\"\" class=\"wp-image-251\"\/><\/figure>\n\n\n\n<p class=\"has-text-align-center has-text-color has-background has-link-color has-medium-font-size wp-elements-114bae03e244a5955d687224d40d581a\" style=\"border-style:none;border-width:0px;color:#ffff00;background-color:#0a5337;margin-top:0;margin-right:0;margin-bottom:0;margin-left:0\"><strong><em>Tornar amig\u00e1vel a rela\u00e7\u00e3o entre usu\u00e1rios e sistemas<\/em><\/strong><\/p>\n\n\n\n<hr class=\"wp-block-separator aligncenter has-alpha-channel-opacity\"\/>\n\n\n\n\n\n<p class=\"has-text-align-center\"><br><strong><em>BEM VINDOS \u00c0 GP5!<\/em><\/strong><br> <strong>Sua casa de tecnologia.<\/strong><\/p>\n\n\n\n<div class=\"wp-block-columns is-layout-flex wp-container-core-columns-is-layout-28f84493 wp-block-columns-is-layout-flex\">\n<div class=\"wp-block-column is-layout-flow wp-block-column-is-layout-flow\">\n<div class=\"wp-block-cover\" style=\"min-height:118px;aspect-ratio:unset;\"><img loading=\"lazy\" decoding=\"async\" width=\"1920\" height=\"1040\" class=\"wp-block-cover__image-background wp-image-178\" alt=\"\" src=\"http:\/\/gp5.com.br\/wp-content\/uploads\/2024\/11\/contato-IMG.png\" data-object-fit=\"cover\"\/><span aria-hidden=\"true\" class=\"wp-block-cover__background has-background-dim\" style=\"background-color:#232e47\"><\/span><div class=\"wp-block-cover__inner-container is-layout-flow wp-block-cover-is-layout-flow\">\n<p class=\"has-text-align-center has-text-color has-link-color has-large-font-size wp-elements-afc9607ac08218148345a2e113b0d5af\" style=\"color:#ffff00\"><a href=\"http:\/\/gp5.com.br\/?page_id=119\" data-type=\"page\" data-id=\"119\"><strong><em>CONTATO<\/em><\/strong><\/a><\/p>\n<\/div><\/div>\n<\/div>\n\n\n\n<div class=\"wp-block-column is-layout-flow wp-block-column-is-layout-flow\">\n<div class=\"wp-block-cover\" style=\"min-height:118px;aspect-ratio:unset;\"><img loading=\"lazy\" decoding=\"async\" width=\"1199\" height=\"800\" class=\"wp-block-cover__image-background wp-image-187\" alt=\"\" src=\"http:\/\/gp5.com.br\/wp-content\/uploads\/2024\/11\/CONHECA-IMG.jpg\" data-object-fit=\"cover\"\/><span aria-hidden=\"true\" class=\"wp-block-cover__background has-background-dim\"><\/span><div class=\"wp-block-cover__inner-container is-layout-flow wp-block-cover-is-layout-flow\">\n<p class=\"has-text-align-center has-text-color has-link-color has-large-font-size wp-elements-accee27b1b2b6263764ed86d55654936\" style=\"color:#ffff00\"><strong><em><a href=\"http:\/\/gp5.com.br\/?page_id=189\" data-type=\"page\" data-id=\"189\">CONHE\u00c7A<\/a><\/em><\/strong><\/p>\n<\/div><\/div>\n<\/div>\n\n\n\n<div class=\"wp-block-column is-layout-flow wp-block-column-is-layout-flow\">\n<div class=\"wp-block-cover\" style=\"min-height:118px;aspect-ratio:unset;\"><img loading=\"lazy\" decoding=\"async\" width=\"343\" height=\"147\" class=\"wp-block-cover__image-background wp-image-183\" alt=\"\" src=\"http:\/\/gp5.com.br\/wp-content\/uploads\/2024\/11\/SUPORTE-IMG.jpg\" data-object-fit=\"cover\"\/><span aria-hidden=\"true\" class=\"wp-block-cover__background has-background-dim\" style=\"background-color:#21394b\"><\/span><div class=\"wp-block-cover__inner-container is-layout-flow wp-block-cover-is-layout-flow\">\n<p class=\"has-text-align-center has-text-color has-link-color has-large-font-size wp-elements-3e682d45f0e955c6c157217621426aa2\" style=\"color:#ffff00\"><em><strong><a href=\"http:\/\/gp5.com.br\/?page_id=191\" data-type=\"page\" data-id=\"191\">SUPORTE<\/a><\/strong><\/em><\/p>\n<\/div><\/div>\n<\/div>\n<\/div>\n\n\n\n<p><\/p>\n","protected":false},"excerpt":{"rendered":"<p>Solu\u00e7\u00f5es simplificadas e \u00e1geis, auxiliando voc\u00ea no caminho da efici\u00eancia. O mundo da tecnologia a seu servi\u00e7o Tornar amig\u00e1vel a rela\u00e7\u00e3o entre usu\u00e1rios e sistemas BEM VINDOS \u00c0 GP5! Sua casa de tecnologia.<\/p>\n","protected":false},"author":1,"featured_media":0,"parent":0,"menu_order":0,"comment_status":"closed","ping_status":"open","template":"","meta":{"zakra_page_container_layout":"customizer","zakra_page_sidebar_layout":"customizer","zakra_remove_content_margin":false,"zakra_sidebar":"customizer","zakra_transparent_header":"customizer","zakra_logo":0,"zakra_main_header_style":"default","zakra_menu_item_color":"","zakra_menu_item_hover_color":"","zakra_menu_item_active_color":"#1938c4","zakra_menu_active_style":"zakra_menu_active_style","zakra_page_header":true,"footnotes":"[]"},"class_list":["post-2","page","type-page","status-publish","hentry"],"_links":{"self":[{"href":"https:\/\/gp5.com.br\/index.php?rest_route=\/wp\/v2\/pages\/2","targetHints":{"allow":["GET"]}}],"collection":[{"href":"https:\/\/gp5.com.br\/index.php?rest_route=\/wp\/v2\/pages"}],"about":[{"href":"https:\/\/gp5.com.br\/index.php?rest_route=\/wp\/v2\/types\/page"}],"author":[{"embeddable":true,"href":"https:\/\/gp5.com.br\/index.php?rest_route=\/wp\/v2\/users\/1"}],"replies":[{"embeddable":true,"href":"https:\/\/gp5.com.br\/index.php?rest_route=%2Fwp%2Fv2%2Fcomments&post=2"}],"version-history":[{"count":27,"href":"https:\/\/gp5.com.br\/index.php?rest_route=\/wp\/v2\/pages\/2\/revisions"}],"predecessor-version":[{"id":253,"href":"https:\/\/gp5.com.br\/index.php?rest_route=\/wp\/v2\/pages\/2\/revisions\/253"}],"wp:attachment":[{"href":"https:\/\/gp5.com.br\/index.php?rest_route=%2Fwp%2Fv2%2Fmedia&parent=2"}],"curies":[{"name":"wp","href":"https:\/\/api.w.org\/{rel}","templated":true}]}}